{"id":118,"date":"2025-09-17T08:01:29","date_gmt":"2025-09-17T06:01:29","guid":{"rendered":"https:\/\/www.pferdekoerperausbildung.de\/?page_id=118"},"modified":"2025-11-15T13:15:46","modified_gmt":"2025-11-15T12:15:46","slug":"die-vierte-phase","status":"publish","type":"page","link":"https:\/\/www.pferdekoerperausbildung.de\/?page_id=118","title":{"rendered":"Die vierte Phase: der freie K\u00f6rperaustausch mit dem Reiter"},"content":{"rendered":"\n<p>Das Pferd m\u00f6chte nun seine Bewegungen mit dem Reiter unterst\u00fctzen die Reagierbarkeit seines K\u00f6rpers weiter auszubauen. Jede Herausforderung wird gerne angenommen um das Zusammenspiel der K\u00f6rpersysteme weiter auszubauen. <\/p>\n","protected":false},"excerpt":{"rendered":"<p>Das Pferd m\u00f6chte nun seine Bewegungen mit dem Reiter unterst\u00fctzen die Reagierbarkeit seines K\u00f6rpers weiter auszubauen. Jede Herausforderung wird gerne angenommen um das Zusammenspiel der &hellip;<\/p>\n","protected":false},"author":2,"featured_media":527,"parent":0,"menu_order":0,"comment_status":"closed","ping_status":"closed","template":"","meta":{"footnotes":""},"folder":[],"class_list":["post-118","page","type-page","status-publish","has-post-thumbnail","hentry"],"_links":{"self":[{"href":"https:\/\/www.pferdekoerperausbildung.de\/index.php?rest_route=\/wp\/v2\/pages\/118","targetHints":{"allow":["GET"]}}],"collection":[{"href":"https:\/\/www.pferdekoerperausbildung.de\/index.php?rest_route=\/wp\/v2\/pages"}],"about":[{"href":"https:\/\/www.pferdekoerperausbildung.de\/index.php?rest_route=\/wp\/v2\/types\/page"}],"author":[{"embeddable":true,"href":"https:\/\/www.pferdekoerperausbildung.de\/index.php?rest_route=\/wp\/v2\/users\/2"}],"replies":[{"embeddable":true,"href":"https:\/\/www.pferdekoerperausbildung.de\/index.php?rest_route=%2Fwp%2Fv2%2Fcomments&post=118"}],"version-history":[{"count":3,"href":"https:\/\/www.pferdekoerperausbildung.de\/index.php?rest_route=\/wp\/v2\/pages\/118\/revisions"}],"predecessor-version":[{"id":529,"href":"https:\/\/www.pferdekoerperausbildung.de\/index.php?rest_route=\/wp\/v2\/pages\/118\/revisions\/529"}],"wp:featuredmedia":[{"embeddable":true,"href":"https:\/\/www.pferdekoerperausbildung.de\/index.php?rest_route=\/wp\/v2\/media\/527"}],"wp:attachment":[{"href":"https:\/\/www.pferdekoerperausbildung.de\/index.php?rest_route=%2Fwp%2Fv2%2Fmedia&parent=118"}],"wp:term":[{"taxonomy":"folder","embeddable":true,"href":"https:\/\/www.pferdekoerperausbildung.de\/index.php?rest_route=%2Fwp%2Fv2%2Ffolder&post=118"}],"curies":[{"name":"wp","href":"https:\/\/api.w.org\/{rel}","templated":true}]}}