{"id":139,"date":"2025-09-24T16:38:03","date_gmt":"2025-09-24T14:38:03","guid":{"rendered":"https:\/\/www.pferdekoerperausbildung.de\/?page_id=139"},"modified":"2026-02-21T10:00:17","modified_gmt":"2026-02-21T09:00:17","slug":"die-biomotorik","status":"publish","type":"page","link":"https:\/\/www.pferdekoerperausbildung.de\/?page_id=139","title":{"rendered":"Die motorische Entwicklung durch die Eigenbewegungen"},"content":{"rendered":"\n<p>Die Biomotorik beschreibt die Eigenbewegungen des Pferdek\u00f6rpers, die sich zu der zusammenspielenden Motorik erg\u00e4nzen und deshalb alle drei K\u00f6rpersysteme (Bewegungssystem, Versorgungssystem und Wahrnehmungssystem) betreffen, besch\u00e4ftigen und gleichzeitig versorgen.<\/p>\n","protected":false},"excerpt":{"rendered":"<p>Die Biomotorik beschreibt die Eigenbewegungen des Pferdek\u00f6rpers, die sich zu der zusammenspielenden Motorik erg\u00e4nzen und deshalb alle drei K\u00f6rpersysteme (Bewegungssystem, Versorgungssystem und Wahrnehmungssystem) betreffen, besch\u00e4ftigen &hellip;<\/p>\n","protected":false},"author":2,"featured_media":501,"parent":0,"menu_order":0,"comment_status":"closed","ping_status":"closed","template":"","meta":{"footnotes":""},"folder":[9],"class_list":["post-139","page","type-page","status-publish","has-post-thumbnail","hentry"],"_links":{"self":[{"href":"https:\/\/www.pferdekoerperausbildung.de\/index.php?rest_route=\/wp\/v2\/pages\/139","targetHints":{"allow":["GET"]}}],"collection":[{"href":"https:\/\/www.pferdekoerperausbildung.de\/index.php?rest_route=\/wp\/v2\/pages"}],"about":[{"href":"https:\/\/www.pferdekoerperausbildung.de\/index.php?rest_route=\/wp\/v2\/types\/page"}],"author":[{"embeddable":true,"href":"https:\/\/www.pferdekoerperausbildung.de\/index.php?rest_route=\/wp\/v2\/users\/2"}],"replies":[{"embeddable":true,"href":"https:\/\/www.pferdekoerperausbildung.de\/index.php?rest_route=%2Fwp%2Fv2%2Fcomments&post=139"}],"version-history":[{"count":5,"href":"https:\/\/www.pferdekoerperausbildung.de\/index.php?rest_route=\/wp\/v2\/pages\/139\/revisions"}],"predecessor-version":[{"id":648,"href":"https:\/\/www.pferdekoerperausbildung.de\/index.php?rest_route=\/wp\/v2\/pages\/139\/revisions\/648"}],"wp:featuredmedia":[{"embeddable":true,"href":"https:\/\/www.pferdekoerperausbildung.de\/index.php?rest_route=\/wp\/v2\/media\/501"}],"wp:attachment":[{"href":"https:\/\/www.pferdekoerperausbildung.de\/index.php?rest_route=%2Fwp%2Fv2%2Fmedia&parent=139"}],"wp:term":[{"taxonomy":"folder","embeddable":true,"href":"https:\/\/www.pferdekoerperausbildung.de\/index.php?rest_route=%2Fwp%2Fv2%2Ffolder&post=139"}],"curies":[{"name":"wp","href":"https:\/\/api.w.org\/{rel}","templated":true}]}}